{"id":73,"date":"2012-03-17T06:16:24","date_gmt":"2012-03-17T06:16:24","guid":{"rendered":"http:\/\/www.armenia.cl\/wp\/?page_id=73"},"modified":"2012-04-19T17:57:56","modified_gmt":"2012-04-19T21:57:56","slug":"alfabeto-38-signos","status":"publish","type":"page","link":"https:\/\/www.armenia.cl\/?page_id=73","title":{"rendered":"Alfabeto"},"content":{"rendered":"<h3><strong>Alfabeto: 38 signos<\/strong><\/h3>\n<div id=\"attachment_74\" style=\"width: 310px\" class=\"wp-caption alignright\"><img aria-describedby=\"caption-attachment-74\" decoding=\"async\" loading=\"lazy\" class=\"size-medium wp-image-74\" title=\"Mesrop Mashtots y alfabeto\" src=\"http:\/\/www.armenia.cl\/wp\/wp-content\/uploads\/2012\/03\/Mesrop-Mashtots-y-alfabeto-300x229.jpg\" alt=\"\" width=\"300\" height=\"229\" srcset=\"https:\/\/www.armenia.cl\/wp-content\/uploads\/2012\/03\/Mesrop-Mashtots-y-alfabeto-300x229.jpg 300w, https:\/\/www.armenia.cl\/wp-content\/uploads\/2012\/03\/Mesrop-Mashtots-y-alfabeto.jpg 639w\" sizes=\"(max-width: 300px) 100vw, 300px\" \/><p id=\"caption-attachment-74\" class=\"wp-caption-text\">Mesrop Mashtots y alfabeto<\/p><\/div>\n<p style=\"text-align: justify;\">El idioma armenio cuenta con un alfabeto propio, creado en 406 por el monje,\u00a0te\u00f3logo y ling\u00fcista Mesrop Mashtots, con el patrocinio del Catolic\u00f3s o patriarca religioso Sahak Partev y el rey Vramshapuh.<\/p>\n<p style=\"text-align: justify;\">Su elaboraci\u00f3n se debe a que se consideraba imperioso que la liturgia y literatura se transmitieran en el idioma nacional, para mantener la identidad en una regi\u00f3n en permanente inestabilidad e invasiones.<\/p>\n<p style=\"text-align: justify;\">Mesrop elabor\u00f3 36 signos que representaban cada uno de los sonidos de la lengua. Dio un<br \/>\nnombre a cada una de las letras, las agrup\u00f3 en s\u00edlabas y las adapt\u00f3 a la lectura. Con la ayuda de un cal\u00edgrafo griego, estableci\u00f3 la forma definitiva de sus graf\u00edas. Los 36 signos fueron completados con dos letras adicionales en la Edad Media. El primer trabajo de Mesrop Mashtots fue traducir la Biblia del griego al armenio.<\/p>\n<p style=\"text-align: justify;\">En un principio, el alfabeto s\u00f3lo se propag\u00f3 en la regi\u00f3n oriental de Armenia bajo la influencia de Persia, pero los romanos no permitieron que se introdujera en las provincias de su imperio. Mesrop se traslad\u00f3 a Constantinopla para obtener el consentimiento del emperador Teodoro II, quien acept\u00f3 que el ling\u00fcista extendiera su actividad educacional a la Armenia occidental.<\/p>\n<p style=\"text-align: justify;\">Entre los escritores en idioma armenio destaca el poeta Sayat Nova.<\/p>\n","protected":false},"excerpt":{"rendered":"<p>Alfabeto: 38 signos El idioma armenio cuenta con un alfabeto propio, creado en 406 por el monje,\u00a0te\u00f3logo y ling\u00fcista Mesrop Mashtots, con el patrocinio del Catolic\u00f3s o patriarca religioso Sahak Partev y el rey Vramshapuh. Su elaboraci\u00f3n se debe a que se consideraba imperioso que la liturgia [&hellip;]<\/p>\n","protected":false},"author":1,"featured_media":0,"parent":0,"menu_order":0,"comment_status":"open","ping_status":"closed","template":"","meta":[],"_links":{"self":[{"href":"https:\/\/www.armenia.cl\/index.php?rest_route=\/wp\/v2\/pages\/73"}],"collection":[{"href":"https:\/\/www.armenia.cl\/index.php?rest_route=\/wp\/v2\/pages"}],"about":[{"href":"https:\/\/www.armenia.cl\/index.php?rest_route=\/wp\/v2\/types\/page"}],"author":[{"embeddable":true,"href":"https:\/\/www.armenia.cl\/index.php?rest_route=\/wp\/v2\/users\/1"}],"replies":[{"embeddable":true,"href":"https:\/\/www.armenia.cl\/index.php?rest_route=%2Fwp%2Fv2%2Fcomments&post=73"}],"version-history":[{"count":5,"href":"https:\/\/www.armenia.cl\/index.php?rest_route=\/wp\/v2\/pages\/73\/revisions"}],"predecessor-version":[{"id":365,"href":"https:\/\/www.armenia.cl\/index.php?rest_route=\/wp\/v2\/pages\/73\/revisions\/365"}],"wp:attachment":[{"href":"https:\/\/www.armenia.cl\/index.php?rest_route=%2Fwp%2Fv2%2Fmedia&parent=73"}],"curies":[{"name":"wp","href":"https:\/\/api.w.org\/{rel}","templated":true}]}}