{"id":61,"date":"2012-03-17T06:08:43","date_gmt":"2012-03-17T06:08:43","guid":{"rendered":"http:\/\/www.armenia.cl\/wp\/?page_id=61"},"modified":"2013-01-27T15:48:54","modified_gmt":"2013-01-27T15:48:54","slug":"religion-san-gregorio-el-iluminador","status":"publish","type":"page","link":"https:\/\/www.armenia.cl\/?page_id=61","title":{"rendered":"Religi\u00f3n"},"content":{"rendered":"<h3><strong>Religi\u00f3n: San Gregorio el Iluminador<\/strong><\/h3>\n<div id=\"attachment_63\" style=\"width: 310px\" class=\"wp-caption alignright\"><img aria-describedby=\"caption-attachment-63\" decoding=\"async\" loading=\"lazy\" class=\"size-medium wp-image-63\" style=\"border-style: initial; border-color: initial;\" title=\"Monasterio de Jor Virap y Ararat\" src=\"http:\/\/www.armenia.cl\/wp\/wp-content\/uploads\/2012\/03\/Monasterio-de-Jor-Virap-y-Ararat-300x196.jpg\" alt=\"\" width=\"300\" height=\"196\" srcset=\"https:\/\/www.armenia.cl\/wp-content\/uploads\/2012\/03\/Monasterio-de-Jor-Virap-y-Ararat-300x196.jpg 300w, https:\/\/www.armenia.cl\/wp-content\/uploads\/2012\/03\/Monasterio-de-Jor-Virap-y-Ararat.jpg 900w\" sizes=\"(max-width: 300px) 100vw, 300px\" \/><p id=\"caption-attachment-63\" class=\"wp-caption-text\">Monasterio de Jor Virap y Ararat<\/p><\/div>\n<p style=\"text-align: justify;\">Las bases de la Iglesia Armenia fueron establecidas por dos ap\u00f3stoles de Jesucristo: San Judas Tadeo y San Bartolom\u00e9, quienes predicaron en Armenia.<\/p>\n<p>En 301, Armenia se convirti\u00f3 en el primer pa\u00eds en adoptar el cristianismo como religi\u00f3n estatal. Seg\u00fan la tradici\u00f3n, el rey Trdat III hab\u00eda llevado a prisi\u00f3n al cristiano parto Gregorio, por haberse rehusado a adorar a una de las diosas del polite\u00edsmo armenio. M\u00e1s tarde, a instancias de su hermana, enfermo e invadido por una<br \/>\nprofunda tristeza, decidi\u00f3 liberarlo y Gregorio cur\u00f3 al rey a trav\u00e9s de la oraci\u00f3n. De ah\u00ed que el rey Trdat III decidi\u00f3 adoptar la fe y declarar al cristianismo como religi\u00f3n oficial. Gregorio fue denominado el Iluminador.<\/p>\n<p>La Iglesia Apost\u00f3lica Armenia \u2013conocida como Gregoriana- se ha desarrollado como iglesia aut\u00f3noma. Cuando Armenia ha sido sometida a conflictos con sus vecinos, el cristianismo y el idioma han permitido preservar su identidad.<\/p>\n<div id=\"attachment_62\" style=\"width: 260px\" class=\"wp-caption alignright\"><a href=\"http:\/\/www.armenia.cl\/wp-content\/uploads\/2012\/03\/Catolic\u00f3s-Karekin-II.jpg\"><img aria-describedby=\"caption-attachment-62\" decoding=\"async\" loading=\"lazy\" class=\"size-full wp-image-62\" title=\"Su Santidad Karekin II, Catolic\u00f3s de Todos los Armenios\" src=\"http:\/\/www.armenia.cl\/wp-content\/uploads\/2012\/03\/Catolic\u00f3s-Karekin-II.jpg\" alt=\"\" width=\"250\" height=\"285\" \/><\/a><p id=\"caption-attachment-62\" class=\"wp-caption-text\">Su Santidad Karekin II, Catolic\u00f3s de Todos los Armenios<\/p><\/div>\n<p>Sus delegados concurrieron a los concilios ecum\u00e9nicos de Nicea, Constantinopla y Efeso. Hasta la fecha, se mantiene\u00a0fiel al credo Niceno, considerando a Cristo como Dios perfecto y el Hombre perfecto en una sola personalidad. Tiene peque\u00f1as diferencias con la Iglesia Cat\u00f3lica en cuanto a sacramentos como el bautismo y la comuni\u00f3n. Su misa es completamente cantada.<\/p>\n<p style=\"text-align: justify;\">Su Patriarca es el Catolic\u00f3s de Todos los Armenios, con sede en la Catedral Edjmiadz\u00edn. El actual es Su Santidad Karekin II, quien en mayo de 2011 visit\u00f3 Chile, oficiando misa ante la colectividad.<\/p>\n<p style=\"text-align: justify;\">Existe una comunidad cat\u00f3lica armenia, donde destaca la Congregaci\u00f3n Mejitarista, destacada por su labor educacional.<\/p>\n<p style=\"text-align: justify;\">El paisaje armenio est\u00e1 marcado por iglesias, transform\u00e1ndose en un museo al aire libre. Algunas est\u00e1n ubicadas en lugares casi inaccesibles, y su arquitectura se caracteriza por el juego de vol\u00famenes y la c\u00fapula c\u00f3nica.<\/p>\n<p>&nbsp;<\/p>\n","protected":false},"excerpt":{"rendered":"<p>Religi\u00f3n: San Gregorio el Iluminador Las bases de la Iglesia Armenia fueron establecidas por dos ap\u00f3stoles de Jesucristo: San Judas Tadeo y San Bartolom\u00e9, quienes predicaron en Armenia. En 301, Armenia se convirti\u00f3 en el primer pa\u00eds en adoptar el cristianismo como religi\u00f3n estatal. Seg\u00fan la tradici\u00f3n, [&hellip;]<\/p>\n","protected":false},"author":1,"featured_media":0,"parent":0,"menu_order":0,"comment_status":"open","ping_status":"closed","template":"","meta":[],"_links":{"self":[{"href":"https:\/\/www.armenia.cl\/index.php?rest_route=\/wp\/v2\/pages\/61"}],"collection":[{"href":"https:\/\/www.armenia.cl\/index.php?rest_route=\/wp\/v2\/pages"}],"about":[{"href":"https:\/\/www.armenia.cl\/index.php?rest_route=\/wp\/v2\/types\/page"}],"author":[{"embeddable":true,"href":"https:\/\/www.armenia.cl\/index.php?rest_route=\/wp\/v2\/users\/1"}],"replies":[{"embeddable":true,"href":"https:\/\/www.armenia.cl\/index.php?rest_route=%2Fwp%2Fv2%2Fcomments&post=61"}],"version-history":[{"count":9,"href":"https:\/\/www.armenia.cl\/index.php?rest_route=\/wp\/v2\/pages\/61\/revisions"}],"predecessor-version":[{"id":824,"href":"https:\/\/www.armenia.cl\/index.php?rest_route=\/wp\/v2\/pages\/61\/revisions\/824"}],"wp:attachment":[{"href":"https:\/\/www.armenia.cl\/index.php?rest_route=%2Fwp%2Fv2%2Fmedia&parent=61"}],"curies":[{"name":"wp","href":"https:\/\/api.w.org\/{rel}","templated":true}]}}