{"id":16,"date":"2012-03-17T05:35:49","date_gmt":"2012-03-17T05:35:49","guid":{"rendered":"http:\/\/www.armenia.cl\/wp\/?page_id=16"},"modified":"2016-10-16T22:43:14","modified_gmt":"2016-10-16T22:43:14","slug":"unir-a-traves-del-deporte","status":"publish","type":"page","link":"https:\/\/www.armenia.cl\/?page_id=16","title":{"rendered":"Deportes"},"content":{"rendered":"<h3><strong>Unir a trav\u00e9s del deporte<\/strong><\/h3>\n<div id=\"attachment_18\" style=\"width: 310px\" class=\"wp-caption alignright\"><a href=\"http:\/\/www.armenia.cl\/wp-content\/uploads\/2012\/03\/Foto-1_Levon-Aronian.jpg\" rel=\"wp-prettyPhoto[16]\"><img aria-describedby=\"caption-attachment-18\" decoding=\"async\" loading=\"lazy\" class=\"size-full wp-image-18\" title=\"El ajedrecista Levon Aronian.\" alt=\"\" src=\"http:\/\/www.armenia.cl\/wp-content\/uploads\/2012\/03\/Foto-1_Levon-Aronian.jpg\" width=\"300\" height=\"380\" srcset=\"https:\/\/www.armenia.cl\/wp-content\/uploads\/2012\/03\/Foto-1_Levon-Aronian.jpg 300w, https:\/\/www.armenia.cl\/wp-content\/uploads\/2012\/03\/Foto-1_Levon-Aronian-236x300.jpg 236w\" sizes=\"(max-width: 300px) 100vw, 300px\" \/><\/a><p id=\"caption-attachment-18\" class=\"wp-caption-text\">El ajedrecista Levon Aronian.<\/p><\/div>\n<p>Armenia es una aut\u00e9ntica potencia mundial en el ajedrez, siendo \u00e9sta una de las actividades populares entre sus habitantes. Entre sus exponentes est\u00e1n Tigran Petrosian, quien fue campe\u00f3n del mundo entre 1963 y 1969, y Rafael Vaganian. De origen armenio es tambi\u00e9n Gari Kasp\u00e1rov, quien se convirti\u00f3 en el Campe\u00f3n del Mundo m\u00e1s joven de la historia en 1985.<\/p>\n<p>En la nueva generaci\u00f3n de ajedrecistas nacidos en Armenia destaca Levon Aronian, quien actualmente se ubica en tercer lugar del Ranking de la Federaci\u00f3n\u00a0Internacional de Ajedrez.<\/p>\n<p>En Armenia se juegan muchos tipos de deportes, entre los que destacan lucha libre, levantamiento de pesas, judo, f\u00fatbol, tenis de mesa, ajedrez y boxeo. En los Juegos Ol\u00edmpicos de R\u00edo 2016, el pa\u00eds obtuvo una medalla de oro en lucha grecorromana, y tres medallas de plata (en lucha grecorreomana y halterofilia o levantamiento ol\u00edmpico de pesas). El primer armenio en participar en los Juegos en el Olimpo (Grecia) fue el Rey Trtad I, que compiti\u00f3 en cu\u00e1drica, carrera de caballos que tiraban de carros.<\/p>\n<p>La Selecci\u00f3n de F\u00fatbol de Armenia naci\u00f3 en 1992 tras la independencia de la Uni\u00f3n Sovi\u00e9tica. Previo a ese a\u00f1o, los jugadores de origen armenio jugaban en la Selecci\u00f3n de la URSS.<\/p>\n<div id=\"attachment_987\" style=\"width: 310px\" class=\"wp-caption alignright\"><a href=\"http:\/\/www.armenia.cl\/wp-content\/uploads\/2012\/03\/Shirak-1.jpg\" rel=\"wp-prettyPhoto[16]\"><img aria-describedby=\"caption-attachment-987\" decoding=\"async\" loading=\"lazy\" class=\"size-medium wp-image-987\" title=\"Equipo de f\u00fatbol Shirak Gyumri celebra su campeonato.\" alt=\"\" src=\"http:\/\/www.armenia.cl\/wp-content\/uploads\/2012\/03\/Shirak-1-300x168.jpg\" width=\"300\" height=\"168\" srcset=\"https:\/\/www.armenia.cl\/wp-content\/uploads\/2012\/03\/Shirak-1-300x168.jpg 300w, https:\/\/www.armenia.cl\/wp-content\/uploads\/2012\/03\/Shirak-1.jpg 656w\" sizes=\"(max-width: 300px) 100vw, 300px\" \/><\/a><p id=\"caption-attachment-987\" class=\"wp-caption-text\">Equipo de f\u00fatbol Shirak Gyumri celebra su campeonato.<\/p><\/div>\n<p>Actualmente, Armenia tiene plena pertenencia a la Uni\u00f3n de Asociaciones de F\u00fatbol Europeas. Entre los equipos de f\u00fatbol de Armenia destacan Shirak Gyumri (campe\u00f3n de la Liga de Armenia 2012\/2013),\u00a0Ulises, Pyunik y Ararat Erev\u00e1n.<\/p>\n<p>Para unir a trav\u00e9s del deporte, desde 1999 se realizan los Juegos Panarmenios, donde participan deportistas de este origen nacidos en distintos pa\u00edses, quienes compiten en 10 disciplinas: f\u00fatbol, f\u00fatbol sala, baloncesto, voleibol, tenis, tenis de mesa, ajedrez, atletismo, nataci\u00f3n y badminton. Los V Juegos Panarmenios se realizaron en agosto de 2011, con la participaci\u00f3n de casi 3 mil deportistas de los cinco continentes.<\/p>\n<p>Entre los destacados deportistas de ascendencia armenia est\u00e1n el tenista norteamericano Andre Agassi y el argentino David Nalbandian.<\/p>\n<p>&nbsp;<\/p>\n","protected":false},"excerpt":{"rendered":"<p>Unir a trav\u00e9s del deporte Armenia es una aut\u00e9ntica potencia mundial en el ajedrez, siendo \u00e9sta una de las actividades populares entre sus habitantes. Entre sus exponentes est\u00e1n Tigran Petrosian, quien fue campe\u00f3n del mundo entre 1963 y 1969, y Rafael Vaganian. De origen armenio es tambi\u00e9n [&hellip;]<\/p>\n","protected":false},"author":1,"featured_media":0,"parent":0,"menu_order":0,"comment_status":"closed","ping_status":"closed","template":"","meta":[],"_links":{"self":[{"href":"https:\/\/www.armenia.cl\/index.php?rest_route=\/wp\/v2\/pages\/16"}],"collection":[{"href":"https:\/\/www.armenia.cl\/index.php?rest_route=\/wp\/v2\/pages"}],"about":[{"href":"https:\/\/www.armenia.cl\/index.php?rest_route=\/wp\/v2\/types\/page"}],"author":[{"embeddable":true,"href":"https:\/\/www.armenia.cl\/index.php?rest_route=\/wp\/v2\/users\/1"}],"replies":[{"embeddable":true,"href":"https:\/\/www.armenia.cl\/index.php?rest_route=%2Fwp%2Fv2%2Fcomments&post=16"}],"version-history":[{"count":16,"href":"https:\/\/www.armenia.cl\/index.php?rest_route=\/wp\/v2\/pages\/16\/revisions"}],"predecessor-version":[{"id":1987,"href":"https:\/\/www.armenia.cl\/index.php?rest_route=\/wp\/v2\/pages\/16\/revisions\/1987"}],"wp:attachment":[{"href":"https:\/\/www.armenia.cl\/index.php?rest_route=%2Fwp%2Fv2%2Fmedia&parent=16"}],"curies":[{"name":"wp","href":"https:\/\/api.w.org\/{rel}","templated":true}]}}